{"id":7,"date":"2026-04-15T07:51:37","date_gmt":"2026-04-15T07:51:37","guid":{"rendered":"http:\/\/dev.anketa.pametnaroda.cz\/?page_id=7"},"modified":"2026-04-21T18:41:13","modified_gmt":"2026-04-21T18:41:13","slug":"anketa","status":"publish","type":"page","link":"https:\/\/anketa.pametnaroda.cz\/","title":{"rendered":"Anketa"},"content":{"rendered":"\n<div class=\"wp-block-cover alignwide is-light\" style=\"padding-top:var(--wp--preset--spacing--40);padding-bottom:var(--wp--preset--spacing--40);min-height:600px;aspect-ratio:unset;\"><img loading=\"lazy\" decoding=\"async\" width=\"1024\" height=\"1024\" class=\"wp-block-cover__image-background wp-image-110 size-large\" alt=\"\" src=\"https:\/\/dev.anketa.pametnaroda.cz\/wp-content\/uploads\/2026\/04\/PN-anketa-pozadi-1024x1024.png\" data-object-fit=\"cover\" srcset=\"https:\/\/anketa.pametnaroda.cz\/wp-content\/uploads\/2026\/04\/PN-anketa-pozadi-1024x1024.png 1024w, https:\/\/anketa.pametnaroda.cz\/wp-content\/uploads\/2026\/04\/PN-anketa-pozadi-300x300.png 300w, https:\/\/anketa.pametnaroda.cz\/wp-content\/uploads\/2026\/04\/PN-anketa-pozadi-150x150.png 150w, https:\/\/anketa.pametnaroda.cz\/wp-content\/uploads\/2026\/04\/PN-anketa-pozadi-768x768.png 768w, https:\/\/anketa.pametnaroda.cz\/wp-content\/uploads\/2026\/04\/PN-anketa-pozadi-1536x1536.png 1536w, https:\/\/anketa.pametnaroda.cz\/wp-content\/uploads\/2026\/04\/PN-anketa-pozadi.png 1920w\" sizes=\"auto, (max-width: 1024px) 100vw, 1024px\" \/><span aria-hidden=\"true\" class=\"wp-block-cover__background has-base-2-background-color has-background-dim-0 has-background-dim\"><\/span><div class=\"wp-block-cover__inner-container has-global-padding is-layout-constrained wp-block-cover-is-layout-constrained\">\n<div class=\"wp-block-group has-border-color has-contrast-border-color has-base-2-background-color has-background has-global-padding is-layout-constrained wp-container-core-group-is-layout-c81c4ba7 wp-block-group-is-layout-constrained\" style=\"border-width:1px;border-top-left-radius:16px;border-top-right-radius:16px;border-bottom-left-radius:16px;border-bottom-right-radius:16px;margin-top:0;margin-bottom:0;padding-top:var(--wp--preset--spacing--10);padding-right:var(--wp--preset--spacing--10);padding-bottom:var(--wp--preset--spacing--10);padding-left:var(--wp--preset--spacing--10)\"><style id=\"fluentform-block-custom-styles-3\">.fluentform.fluentform_wrapper_3.ff_guten_block.ff_guten_block-3 .ff-el-input--label label { color: #000000; font-size: 24px; line-height: 1.5; letter-spacing: -0.7px; }\n.fluentform.fluentform_wrapper_3.ff_guten_block.ff_guten_block-3 .ff-el-input--content input::placeholder, .fluentform.fluentform_wrapper_3.ff_guten_block.ff_guten_block-3 .ff-el-input--content textarea::placeholder { color: #e65054; }\n.fluentform.fluentform_wrapper_3.ff_guten_block.ff_guten_block-3 .ff_submit_btn_wrapper { text-align: center; }\n.fluentform.fluentform_wrapper_3.ff_guten_block.ff_guten_block-3 .ff_submit_btn_wrapper .ff-btn-submit { padding: 6px; }\n.fluentform.fluentform_wrapper_3.ff_guten_block.ff_guten_block-3 .ff_submit_btn_wrapper .ff-btn-submit { margin: 8px; }\n.fluentform.fluentform_wrapper_3.ff_guten_block.ff_guten_block-3 .ff_submit_btn_wrapper .ff-btn-submit { width: 52%; color: #ffffff; background-color: #ea591d; }\n.fluentform.fluentform_wrapper_3.ff_guten_block.ff_guten_block-3 .ff-el-form-check label { font-size: 24px;; }\n<\/style><div class='fluentform ff-default fluentform_wrapper_3  ff_guten_block ff_guten_block-3 ffs_default_wrap'><form data-form_id=\"3\" id=\"fluentform_3\" class=\"frm-fluent-form fluent_form_3 ff-el-form-top ff_form_instance_3_1 ff-form-loading ffs_default\" data-form_instance=\"ff_form_instance_3_1\" method=\"POST\" ><fieldset  style=\"border: none!important;margin: 0!important;padding: 0!important;background-color: transparent!important;box-shadow: none!important;outline: none!important; min-inline-size: 100%;\">\n                    <legend class=\"ff_screen_reader_title\" style=\"display: block; margin: 0!important;padding: 0!important;height: 0!important;text-indent: -999999px;width: 0!important;overflow:hidden;\">Anketa<\/legend>        <div\n                style=\"display: none!important; position: absolute!important; transform: translateX(1000%)!important;\"\n                class=\"ff-el-group ff-hpsf-container\"\n        >\n            <div class=\"ff-el-input--label asterisk-right\">\n                <label for=\"ff_3_item_sf\" aria-label=\"Newsletter\">\n                    Newsletter                <\/label>\n            <\/div>\n            <div class=\"ff-el-input--content\">\n                <input type=\"text\"\n                       name=\"item_3__fluent_sf\"\n                       class=\"ff-el-form-control\"\n                       id=\"ff_3_item_sf\"\n                \/>\n            <\/div>\n        <\/div>\n                <input type=\"hidden\" id=\"__fluent_protection_token_3\" class=\"fluent-form-token-field\" name=\"__fluent_protection_token_3\">\n        <input type='hidden' name='__fluent_form_embded_post_id' value='7' \/><input type=\"hidden\" id=\"_fluentform_3_fluentformnonce\" name=\"_fluentform_3_fluentformnonce\" value=\"2a7cf2713a\" \/><input type=\"hidden\" name=\"_wp_http_referer\" value=\"\/index.php?rest_route=%2Fwp%2Fv2%2Fpages%2F7\" \/><div class='ff-el-group  ff_list_inline'><div class=\"ff-el-input--label ff-el-is-required asterisk-right\"><label   aria-label=\"\u201eSouhlas\u00edte s t\u00edm, aby ve\u0159ejnopr\u00e1vn\u00ed m\u00e9dia (\u010cesk\u00fd rozhlas a \u010cesk\u00e1 televize) byla financov\u00e1na prost\u0159ednictv\u00edm koncesion\u00e1\u0159sk\u00fdch poplatk\u016f?\u201c\">\u201eSouhlas\u00edte s t\u00edm, aby ve\u0159ejnopr\u00e1vn\u00ed m\u00e9dia (\u010cesk\u00fd rozhlas a \u010cesk\u00e1 televize) byla financov\u00e1na prost\u0159ednictv\u00edm koncesion\u00e1\u0159sk\u00fdch poplatk\u016f?\u201c  <\/label><\/div><div class='ff-el-input--content'><div class='ff-el-form-check ff-el-form-check-'><label class='ff-el-form-check-label' for='input_radio_573ce96c1ba8c9bb49843ce8dd8d82ed'><input  type=\"radio\" name=\"input_radio\" data-name=\"input_radio\" class=\"ff-el-form-check-input ff-el-form-check-radio\" value=\"Ano\"  id='input_radio_573ce96c1ba8c9bb49843ce8dd8d82ed' aria-label='Ano' aria-invalid='false' aria-required=true> <span>Ano<\/span><\/label><\/div><div class='ff-el-form-check ff-el-form-check-'><label class='ff-el-form-check-label' for='input_radio_b99145f503b88e37dd2544c3636ceef3'><input  type=\"radio\" name=\"input_radio\" data-name=\"input_radio\" class=\"ff-el-form-check-input ff-el-form-check-radio\" value=\"Ne\"  id='input_radio_b99145f503b88e37dd2544c3636ceef3' aria-label='Ne' aria-invalid='false' aria-required=true> <span>Ne<\/span><\/label><\/div><\/div><\/div><div data-type=\"name-element\" data-name=\"names\" class=\" ff-field_container ff-name-field-wrapper\" ><div class='ff-t-container'><div class='ff-t-cell '><div class='ff-el-group ff-el-form-top'><div class=\"ff-el-input--label ff-el-is-required asterisk-right\"><label for='ff_3_names_first_name_' id='label_ff_3_names_first_name_' >Jm\u00e9no<\/label><\/div><div class='ff-el-input--content'><input type=\"text\" name=\"names[first_name]\" id=\"ff_3_names_first_name_\" class=\"ff-el-form-control\" placeholder=\"Jm\u00e9no\" aria-invalid=\"false\" aria-required=true><\/div><\/div><\/div><div class='ff-t-cell '><div class='ff-el-group ff-el-form-top'><div class=\"ff-el-input--label ff-el-is-required asterisk-right\"><label for='ff_3_names_last_name_' id='label_ff_3_names_last_name_' >P\u0159\u00edjmen\u00ed<\/label><\/div><div class='ff-el-input--content'><input type=\"text\" name=\"names[last_name]\" id=\"ff_3_names_last_name_\" class=\"ff-el-form-control\" placeholder=\"P\u0159\u00edjmen\u00ed\" aria-invalid=\"false\" aria-required=true><\/div><\/div><\/div><\/div><\/div><div class='ff-el-group'><div class=\"ff-el-input--label ff-el-is-required asterisk-right\"><label for='ff_3_input_text' id='label_ff_3_input_text' aria-label=\"M\u011bsto\">M\u011bsto<\/label><\/div><div class='ff-el-input--content'><input type=\"text\" name=\"input_text\" class=\"ff-el-form-control\" placeholder=\"M\u011bsto\" data-name=\"input_text\" id=\"ff_3_input_text\"  aria-invalid=\"false\" aria-required=true><\/div><\/div><div class='ff-el-group'><div class=\"ff-el-input--label ff-el-is-required asterisk-right\"><label for='ff_3_email' id='label_ff_3_email' aria-label=\"Email\">Email<\/label><\/div><div class='ff-el-input--content'><input type=\"email\" name=\"email\" id=\"ff_3_email\" class=\"ff-el-form-control\" placeholder=\"Emailov\u00e1 adresa\" data-name=\"email\"  aria-invalid=\"false\" aria-required=true><\/div><\/div><div class='ff-el-group ff-text-left ff_submit_btn_wrapper'><button type=\"submit\" class=\"ff-btn ff-btn-submit ff-btn-md ff_btn_style\"  aria-label=\"Odeslat hlas\">Odeslat hlas<\/button><\/div><\/fieldset><\/form><div id='fluentform_3_errors' class='ff-errors-in-stack ff_form_instance_3_1 ff-form-loading_errors ff_form_instance_3_1_errors'><\/div><\/div>            <script type=\"text\/javascript\">\n                window.fluent_form_ff_form_instance_3_1 = {\"id\":\"3\",\"ajaxUrl\":\"https:\\\/\\\/anketa.pametnaroda.cz\\\/wp-admin\\\/admin-ajax.php\",\"settings\":{\"layout\":{\"labelPlacement\":\"top\",\"asteriskPlacement\":\"asterisk-right\",\"helpMessagePlacement\":\"with_label\",\"errorMessagePlacement\":\"inline\",\"cssClassName\":\"\"},\"restrictions\":{\"denyEmptySubmission\":{\"enabled\":false}}},\"form_instance\":\"ff_form_instance_3_1\",\"form_id_selector\":\"fluentform_3\",\"rules\":{\"input_radio\":{\"required\":{\"value\":true,\"message\":\"Pole je pot\\u0159eba vyplnit\",\"global_message\":\"Pole je pot\\u0159eba vyplnit\",\"global\":true}},\"names[first_name]\":{\"required\":{\"value\":true,\"message\":\"Pole je pot\\u0159eba vyplnit\",\"global_message\":\"Pole je pot\\u0159eba vyplnit\",\"global\":true}},\"names[middle_name]\":{\"required\":{\"value\":false,\"message\":\"Pole je pot\\u0159eba vyplnit\",\"global_message\":\"Pole je pot\\u0159eba vyplnit\",\"global\":true}},\"names[last_name]\":{\"required\":{\"value\":true,\"message\":\"Pole je pot\\u0159eba vyplnit\",\"global_message\":\"Pole je pot\\u0159eba vyplnit\",\"global\":true}},\"input_text\":{\"required\":{\"value\":true,\"message\":\"Pole je pot\\u0159eba vyplnit\",\"global_message\":\"Pole je pot\\u0159eba vyplnit\",\"global\":true}},\"email\":{\"required\":{\"value\":true,\"message\":\"Pole je pot\\u0159eba vyplnit\",\"global_message\":\"Pole je pot\\u0159eba vyplnit\",\"global\":true},\"email\":{\"value\":true,\"message\":\"Na email V\\u00e1m za\\u0161leme potvrzen\\u00ed\",\"global_message\":\"Na email V\\u00e1m za\\u0161leme potvrzen\\u00ed\",\"global\":true}}},\"debounce_time\":300};\n                            <\/script>\n            \n\n\n<p class=\"has-link-color wp-elements-593ba8cef575975ed5b6076e54efc9d8\" style=\"font-size:14px\">Odesl\u00e1n\u00edm hlasu ud\u011bluji souhlas se zpracov\u00e1n\u00edm sv\u00fdch osobn\u00edch \u00fadaj\u016f podle z\u00e1sad zpracov\u00e1n\u00ed osobn\u00edch \u00fadaj\u016f Post Bellum, z.\u00fa., a to v souladu s Na\u0159\u00edzen\u00edm (EU) 2016\/679 (GDPR) a souvisej\u00edc\u00edmi pr\u00e1vn\u00edmi p\u0159edpisy. <a href=\"https:\/\/anketa.pametnaroda.cz\/?page_id=61\" data-type=\"page\" data-id=\"61\">Pln\u00e9 zn\u011bn\u00ed.<\/a><\/p>\n\n\n\n<div class=\"wp-block-group is-content-justification-center is-nowrap is-layout-flex wp-container-core-group-is-layout-23441af8 wp-block-group-is-layout-flex\">\n<p>V anket\u011b hlasovalo: <\/p>\n\n\n37\n\n\n\n<p> lid\u00ed<\/p>\n<\/div>\n\n\n<div class=\"ninja-charts-google-container\"\n     data-id=\"1\"\n     data-uniqid=\"_2012031559_1\"\n>\n    <div id= \"ninja_charts_instance_2012031559_1\"\n         class=\"ninja_charts_instance_2012031559_1\"\n         style='\n             height: 400px;\n             width: auto;\n             '\n    ><\/div>\n<\/div>\n\n<\/div>\n<\/div><\/div>\n\n\n\n<p><\/p>\n","protected":false},"excerpt":{"rendered":"","protected":false},"author":1,"featured_media":0,"parent":0,"menu_order":0,"comment_status":"closed","ping_status":"closed","template":"","meta":{"inline_featured_image":false,"footnotes":""},"class_list":["post-7","page","type-page","status-publish","hentry"],"_links":{"self":[{"href":"https:\/\/anketa.pametnaroda.cz\/index.php?rest_route=\/wp\/v2\/pages\/7","targetHints":{"allow":["GET"]}}],"collection":[{"href":"https:\/\/anketa.pametnaroda.cz\/index.php?rest_route=\/wp\/v2\/pages"}],"about":[{"href":"https:\/\/anketa.pametnaroda.cz\/index.php?rest_route=\/wp\/v2\/types\/page"}],"author":[{"embeddable":true,"href":"https:\/\/anketa.pametnaroda.cz\/index.php?rest_route=\/wp\/v2\/users\/1"}],"replies":[{"embeddable":true,"href":"https:\/\/anketa.pametnaroda.cz\/index.php?rest_route=%2Fwp%2Fv2%2Fcomments&post=7"}],"version-history":[{"count":38,"href":"https:\/\/anketa.pametnaroda.cz\/index.php?rest_route=\/wp\/v2\/pages\/7\/revisions"}],"predecessor-version":[{"id":156,"href":"https:\/\/anketa.pametnaroda.cz\/index.php?rest_route=\/wp\/v2\/pages\/7\/revisions\/156"}],"wp:attachment":[{"href":"https:\/\/anketa.pametnaroda.cz\/index.php?rest_route=%2Fwp%2Fv2%2Fmedia&parent=7"}],"curies":[{"name":"wp","href":"https:\/\/api.w.org\/{rel}","templated":true}]}}