{"id":61,"date":"2026-04-16T06:48:12","date_gmt":"2026-04-16T06:48:12","guid":{"rendered":"https:\/\/dev.anketa.pametnaroda.cz\/?page_id=61"},"modified":"2026-04-21T15:56:46","modified_gmt":"2026-04-21T15:56:46","slug":"zasady-zpracovani-osobnich-udaju","status":"publish","type":"page","link":"https:\/\/anketa.pametnaroda.cz\/?page_id=61","title":{"rendered":"Z\u00e1sady zpracov\u00e1n\u00ed osobn\u00edch \u00fadaj\u016f"},"content":{"rendered":"\n<div class=\"wp-block-cover alignwide is-light\" style=\"padding-top:var(--wp--preset--spacing--50);padding-right:var(--wp--preset--spacing--30);padding-bottom:var(--wp--preset--spacing--50);padding-left:var(--wp--preset--spacing--30)\"><img loading=\"lazy\" decoding=\"async\" width=\"1024\" height=\"1024\" class=\"wp-block-cover__image-background wp-image-110 size-large\" alt=\"\" src=\"http:\/\/dev.anketa.pametnaroda.cz\/wp-content\/uploads\/2026\/04\/PN-anketa-pozadi-1024x1024.png\" data-object-fit=\"cover\" srcset=\"https:\/\/anketa.pametnaroda.cz\/wp-content\/uploads\/2026\/04\/PN-anketa-pozadi-1024x1024.png 1024w, https:\/\/anketa.pametnaroda.cz\/wp-content\/uploads\/2026\/04\/PN-anketa-pozadi-300x300.png 300w, https:\/\/anketa.pametnaroda.cz\/wp-content\/uploads\/2026\/04\/PN-anketa-pozadi-150x150.png 150w, https:\/\/anketa.pametnaroda.cz\/wp-content\/uploads\/2026\/04\/PN-anketa-pozadi-768x768.png 768w, https:\/\/anketa.pametnaroda.cz\/wp-content\/uploads\/2026\/04\/PN-anketa-pozadi-1536x1536.png 1536w, https:\/\/anketa.pametnaroda.cz\/wp-content\/uploads\/2026\/04\/PN-anketa-pozadi.png 1920w\" sizes=\"auto, (max-width: 1024px) 100vw, 1024px\" \/><span aria-hidden=\"true\" class=\"wp-block-cover__background has-background-dim\" style=\"background-color:#c89685\"><\/span><div class=\"wp-block-cover__inner-container has-global-padding is-layout-constrained wp-container-core-cover-is-layout-1c074333 wp-block-cover-is-layout-constrained\">\n<div class=\"wp-block-group alignwide has-base-2-background-color has-background has-global-padding is-layout-constrained wp-container-core-group-is-layout-0f0bdb3f wp-block-group-is-layout-constrained\" style=\"border-style:none;border-width:0px;border-top-left-radius:8px;border-top-right-radius:8px;border-bottom-left-radius:8px;border-bottom-right-radius:8px;padding-right:var(--wp--preset--spacing--10);padding-left:var(--wp--preset--spacing--10)\">\n<h2 class=\"wp-block-heading\">Z\u00e1sady zpracov\u00e1n\u00ed osobn\u00edch \u00fadaj\u016f<\/h2>\n\n\n\n<h3 class=\"wp-block-heading\">1. Spr\u00e1vce osobn\u00edch \u00fadaj\u016f<\/h3>\n\n\n\n<p>Spr\u00e1vcem osobn\u00edch \u00fadaj\u016f je organizace <strong>Post Bellum, z. \u00fa. (Pam\u011b\u0165 n\u00e1roda)<\/strong>,<br>se s\u00eddlem: <\/p>\n\n\n\n<p>Post Bellum, z. \u00fa., \u0160pan\u011blsk\u00e1 1073\/10, 120 00, Praha 2-Vinohrady, \u010cesk\u00e1 republika,<\/p>\n\n\n\n<p><br>I\u010cO: 26548526<br>kontaktn\u00ed email: poverenec@postbellum.cz<\/p>\n\n\n\n<hr class=\"wp-block-separator alignwide has-alpha-channel-opacity\"\/>\n\n\n\n<h3 class=\"wp-block-heading\">2. Jak\u00e9 osobn\u00ed \u00fadaje zpracov\u00e1v\u00e1me<\/h3>\n\n\n\n<p>V r\u00e1mci t\u00e9to ankety zpracov\u00e1v\u00e1me n\u00e1sleduj\u00edc\u00ed osobn\u00ed \u00fadaje:<\/p>\n\n\n\n<ul class=\"wp-block-list\">\n<li>Jm\u00e9no, p\u0159\u00edjmen\u00ed, emailovou adresu, m\u011bsto bydli\u0161t\u011b,<\/li>\n\n\n\n<li>odpov\u011b\u010f na anketn\u00ed ot\u00e1zku.<\/li>\n<\/ul>\n\n\n\n<hr class=\"wp-block-separator alignwide has-alpha-channel-opacity\"\/>\n\n\n\n<h3 class=\"wp-block-heading\">3. \u00da\u010del zpracov\u00e1n\u00ed osobn\u00edch \u00fadaj\u016f<\/h3>\n\n\n\n<p>Osobn\u00ed \u00fadaje zpracov\u00e1v\u00e1me v\u00fdhradn\u011b za \u00fa\u010delem:<\/p>\n\n\n\n<ul class=\"wp-block-list\">\n<li>proveden\u00ed a vyhodnocen\u00ed v\u00fdsledk\u016f ankety,<\/li>\n\n\n\n<li>za\u0159azen\u00ed do datab\u00e1z\u00ed spr\u00e1vce pro rozes\u00edlku sd\u011blen\u00ed o \u010dinnosti organizace Post Bellum, z.\u00fa..<\/li>\n<\/ul>\n\n\n\n<hr class=\"wp-block-separator alignwide has-alpha-channel-opacity\"\/>\n\n\n\n<h3 class=\"wp-block-heading\">4. Pr\u00e1vn\u00ed z\u00e1klad zpracov\u00e1n\u00ed<\/h3>\n\n\n\n<p>Pr\u00e1vn\u00edm z\u00e1kladem zpracov\u00e1n\u00ed osobn\u00edch \u00fadaj\u016f je:<\/p>\n\n\n\n<ul class=\"wp-block-list\">\n<li>pro vyhodnocen\u00ed ankety souhlas subjektu \u00fadaj\u016f, ud\u011blen\u00fd p\u0159i odesl\u00e1n\u00ed odpov\u011bdi v anket\u011b a opr\u00e1vn\u011bn\u00fd z\u00e1jem spr\u00e1vce \u00fadaj\u016f.<\/li>\n\n\n\n<li>pro marketing souhlas subjektu \u00fadaj\u016f ud\u011blen\u00fd p\u0159i odesl\u00e1n\u00ed odpov\u011bdi v anket\u011b,<\/li>\n\n\n\n<li>pro statistiku z\u00edskanou z ankety opr\u00e1vn\u011bn\u00fd z\u00e1jem spr\u00e1vce \u00fadaj\u016f.<\/li>\n<\/ul>\n\n\n\n<p>Souhlas je dobrovoln\u00fd a lze jej kdykoliv odvolat.<\/p>\n\n\n\n<hr class=\"wp-block-separator alignwide has-alpha-channel-opacity\"\/>\n\n\n\n<h3 class=\"wp-block-heading\">5. Doba uchov\u00e1n\u00ed osobn\u00edch \u00fadaj\u016f<\/h3>\n\n\n\n<p>Osobn\u00ed \u00fadaje jsou zpracov\u00e1v\u00e1ny po dobu nezbytn\u011b nutnou k realizaci a vyhodnocen\u00ed ankety, nejd\u00e9le v\u0161ak&nbsp;po dobu 12 m\u011bs\u00edc\u016f&nbsp;od ukon\u010den\u00ed ankety. Pro<br>marketingov\u00e9 \u00fa\u010dely budou osobn\u00ed \u00fadaje zpracov\u00e1v\u00e1ny po dobu trv\u00e1n\u00ed souhlasu, nejd\u00e9le v\u0161ak&nbsp;po dobu 3 let&nbsp;od jeho ud\u011blen\u00ed, p\u0159\u00edpadn\u011b do jeho odvol\u00e1n\u00ed, podle<br>toho, kter\u00e1 skute\u010dnost nastane d\u0159\u00edve. Po uplynut\u00ed uveden\u00fdch dob budou osobn\u00ed \u00fadaje vymaz\u00e1ny nebo anonymizov\u00e1ny, pokud pr\u00e1vn\u00ed p\u0159edpisy nevy\u017eaduj\u00ed jejich<br>dal\u0161\u00ed uchov\u00e1n\u00ed.\u201c Po uplynut\u00ed t\u00e9to doby jsou osobn\u00ed \u00fadaje bezpe\u010dn\u011b smaz\u00e1ny nebo anonymizov\u00e1ny.<\/p>\n\n\n\n<hr class=\"wp-block-separator alignwide has-alpha-channel-opacity\"\/>\n\n\n\n<h3 class=\"wp-block-heading\">6. P\u0159ed\u00e1v\u00e1n\u00ed osobn\u00edch \u00fadaj\u016f<\/h3>\n\n\n\n<p>Osobn\u00ed \u00fadaje:<\/p>\n\n\n\n<ul class=\"wp-block-list\">\n<li>nejsou p\u0159ed\u00e1v\u00e1ny t\u0159et\u00edm stran\u00e1m,<\/li>\n\n\n\n<li>nejsou p\u0159ed\u00e1v\u00e1ny mimo Evropskou unii.<\/li>\n<\/ul>\n\n\n\n<p>Technick\u00e9 zpracov\u00e1n\u00ed dat m\u016f\u017ee b\u00fdt zaji\u0161t\u011bno smluvn\u00edmi zpracovateli (nap\u0159. provozovatel webu), v\u017edy v\u0161ak v souladu s platn\u00fdmi pr\u00e1vn\u00edmi p\u0159edpisy o ochran\u011b osobn\u00edch \u00fadaj\u016f.<\/p>\n\n\n\n<hr class=\"wp-block-separator alignwide has-alpha-channel-opacity\"\/>\n\n\n\n<h3 class=\"wp-block-heading\">7. Pr\u00e1va subjektu \u00fadaj\u016f<\/h3>\n\n\n\n<p><strong>Podle platn\u00fdch pr\u00e1vn\u00edch p\u0159edpis\u016f m\u00e1te n\u00e1sleduj\u00edc\u00ed pr\u00e1va:<br><\/strong><\/p>\n\n\n\n<p>Pr\u00e1vo na p\u0159\u00edstup k osobn\u00edm \u00fadaj\u016fm<\/p>\n\n\n\n<ul class=\"wp-block-list\">\n<li>M\u00e1te pr\u00e1vo z\u00edskat potvrzen\u00ed, zda zpracov\u00e1v\u00e1me Va\u0161e osobn\u00ed \u00fadaje, a pokud ano, m\u00e1te pr\u00e1vo z\u00edskat jejich kopii a informace o tom, jak jsou zpracov\u00e1v\u00e1ny.<\/li>\n<\/ul>\n\n\n\n<p>Pr\u00e1vo na opravu nep\u0159esn\u00fdch \u00fadaj\u016f<\/p>\n\n\n\n<ul class=\"wp-block-list\">\n<li>Pokud zjist\u00edte, \u017ee o V\u00e1s evidujeme nep\u0159esn\u00e9 nebo ne\u00fapln\u00e9 \u00fadaje, m\u00e1te pr\u00e1vo po\u017e\u00e1dat o jejich opravu nebo dopln\u011bn\u00ed.<\/li>\n<\/ul>\n\n\n\n<p>Pr\u00e1vo na v\u00fdmaz osobn\u00edch \u00fadaj\u016f (\u201epr\u00e1vo b\u00fdt zapomenut\u201c)<\/p>\n\n\n\n<ul class=\"wp-block-list\">\n<li>M\u00e1te pr\u00e1vo po\u017eadovat v\u00fdmaz Va\u0161ich osobn\u00edch \u00fadaj\u016f, pokud ji\u017e nejsou pot\u0159ebn\u00e9 pro \u00fa\u010dely, pro kter\u00e9 byly shrom\u00e1\u017ed\u011bny, nebo pokud odvol\u00e1te souhlas se zpracov\u00e1n\u00edm a neexistuje jin\u00fd pr\u00e1vn\u00ed d\u016fvod pro jejich zpracov\u00e1n\u00ed.<\/li>\n<\/ul>\n\n\n\n<p>Pr\u00e1vo na omezen\u00ed zpracov\u00e1n\u00ed<\/p>\n\n\n\n<ul class=\"wp-block-list\">\n<li>V ur\u010dit\u00fdch p\u0159\u00edpadech m\u016f\u017eete po\u017eadovat, abychom omezili zpracov\u00e1n\u00ed Va\u0161ich osobn\u00edch \u00fadaj\u016f (nap\u0159. pokud pop\u00edr\u00e1te jejich p\u0159esnost nebo je zpracov\u00e1n\u00ed protipr\u00e1vn\u00ed).<\/li>\n<\/ul>\n\n\n\n<p>Pr\u00e1vo na p\u0159enositelnost \u00fadaj\u016f<\/p>\n\n\n\n<ul class=\"wp-block-list\">\n<li>M\u00e1te pr\u00e1vo z\u00edskat sv\u00e9 osobn\u00ed \u00fadaje ve strukturovan\u00e9m, b\u011b\u017en\u011b pou\u017e\u00edvan\u00e9m a strojov\u011b \u010diteln\u00e9m form\u00e1tu a p\u0159\u00edpadn\u011b je p\u0159edat jin\u00e9mu spr\u00e1vci.<\/li>\n<\/ul>\n\n\n\n<p>Pr\u00e1vo podat st\u00ed\u017enost<\/p>\n\n\n\n<ul class=\"wp-block-list\">\n<li>M\u00e1te pr\u00e1vo podat st\u00ed\u017enost u dozorov\u00e9ho \u00fa\u0159adu, kter\u00fdm je \u00da\u0159ad pro ochranu osobn\u00edch \u00fadaj\u016f, se s\u00eddlem Pplk. Sochora 27, 170 00 Praha 7, web:&nbsp;<a href=\"https:\/\/www.uoou.cz\/\" target=\"_blank\" rel=\"noreferrer noopener\">https:\/\/www.uoou.cz<\/a><\/li>\n<\/ul>\n\n\n\n<p><strong>Jak m\u016f\u017eete sv\u00e1 pr\u00e1va uplatnit<br><\/strong><br>Sv\u00e1 pr\u00e1va uplatn\u011bte na adrese\u00a0<a href=\"mailto:poverenec@postbellum.cz\">poverenec@postbellum.cz<\/a>\u00a0nebo na adresu s\u00eddla spr\u00e1vce. Uplatn\u011bn\u00ed Va\u0161ich pr\u00e1v je bezplatn\u00e9, pouze v p\u0159\u00edpad\u011b zjevn\u011b ned\u016fvodn\u00fdch nebo nep\u0159im\u011b\u0159en\u00fdch \u017e\u00e1dost\u00ed (nap\u0159. opakovan\u00fdch) m\u016f\u017eeme po\u017eadovat p\u0159im\u011b\u0159en\u00fd administrativn\u00ed poplatek nebo \u017e\u00e1dost odm\u00edtnout. Spr\u00e1vce nejmenoval pov\u011b\u0159ence pro ochranu osobn\u00edch \u00fadaj\u016f, proto\u017ee mu tato povinnost nevznikla podle \u010dl. 37 GDPR.<\/p>\n\n\n\n<p><strong>Lh\u016fty pro vy\u0159\u00edzen\u00ed \u017e\u00e1dosti<br><\/strong><br>Na Va\u0161i \u017e\u00e1dost reagujeme bez zbyte\u010dn\u00e9ho odkladu, nejpozd\u011bji do 1 m\u011bs\u00edce od jej\u00edho obdr\u017een\u00ed. Ve v\u00fdjime\u010dn\u00fdch p\u0159\u00edpadech (nap\u0159. slo\u017eitost nebo v\u011bt\u0161\u00ed po\u010det \u017e\u00e1dost\u00ed) m\u016f\u017ee b\u00fdt tato lh\u016fta prodlou\u017eena a\u017e o dal\u0161\u00ed 2 m\u011bs\u00edce. O takov\u00e9m prodlou\u017een\u00ed V\u00e1s budeme v\u010das informovat<em>.<\/em><\/p>\n\n\n\n<hr class=\"wp-block-separator alignwide has-alpha-channel-opacity\"\/>\n\n\n\n<h3 class=\"wp-block-heading\">8. Kontakt<\/h3>\n\n\n\n<p>V p\u0159\u00edpad\u011b jak\u00fdchkoliv dotaz\u016f ohledn\u011b zpracov\u00e1n\u00ed osobn\u00edch \u00fadaj\u016f nebo uplatn\u011bn\u00ed sv\u00fdch pr\u00e1v n\u00e1s m\u016f\u017eete kontaktovat na e\u2011mailov\u00e9 adrese:<br><strong>poverenec@postbellum.cz<\/strong><\/p>\n\n\n\n<p><\/p>\n<\/div>\n\n\n\n<p class=\"has-text-align-center has-large-font-size\"><\/p>\n<\/div><\/div>\n","protected":false},"excerpt":{"rendered":"","protected":false},"author":1,"featured_media":0,"parent":0,"menu_order":0,"comment_status":"closed","ping_status":"closed","template":"","meta":{"inline_featured_image":false,"footnotes":""},"class_list":["post-61","page","type-page","status-publish","hentry"],"_links":{"self":[{"href":"https:\/\/anketa.pametnaroda.cz\/index.php?rest_route=\/wp\/v2\/pages\/61","targetHints":{"allow":["GET"]}}],"collection":[{"href":"https:\/\/anketa.pametnaroda.cz\/index.php?rest_route=\/wp\/v2\/pages"}],"about":[{"href":"https:\/\/anketa.pametnaroda.cz\/index.php?rest_route=\/wp\/v2\/types\/page"}],"author":[{"embeddable":true,"href":"https:\/\/anketa.pametnaroda.cz\/index.php?rest_route=\/wp\/v2\/users\/1"}],"replies":[{"embeddable":true,"href":"https:\/\/anketa.pametnaroda.cz\/index.php?rest_route=%2Fwp%2Fv2%2Fcomments&post=61"}],"version-history":[{"count":11,"href":"https:\/\/anketa.pametnaroda.cz\/index.php?rest_route=\/wp\/v2\/pages\/61\/revisions"}],"predecessor-version":[{"id":133,"href":"https:\/\/anketa.pametnaroda.cz\/index.php?rest_route=\/wp\/v2\/pages\/61\/revisions\/133"}],"wp:attachment":[{"href":"https:\/\/anketa.pametnaroda.cz\/index.php?rest_route=%2Fwp%2Fv2%2Fmedia&parent=61"}],"curies":[{"name":"wp","href":"https:\/\/api.w.org\/{rel}","templated":true}]}}